{"id":20351,"date":"2023-10-31T09:16:15","date_gmt":"2023-10-31T09:16:15","guid":{"rendered":"https:\/\/volumnia.space\/?page_id=20351"},"modified":"2026-02-17T10:49:16","modified_gmt":"2026-02-17T09:49:16","slug":"galleria","status":"publish","type":"page","link":"https:\/\/volumnia.space\/it\/galleria\/","title":{"rendered":"Galleria"},"content":{"rendered":"\t\t<div data-elementor-type=\"wp-page\" data-elementor-id=\"20351\" class=\"elementor elementor-20351\" data-elementor-post-type=\"page\">\n\t\t\t\t<div class=\"elementor-element elementor-element-68bc6455 e-con-full e-flex e-con e-parent\" data-id=\"68bc6455\" data-element_type=\"container\" data-e-type=\"container\" data-settings=\"{&quot;jet_parallax_layout_list&quot;:[]}\">\n\t\t<div class=\"elementor-element elementor-element-b695631 e-con-full e-flex e-con e-child\" data-id=\"b695631\" data-element_type=\"container\" data-e-type=\"container\" data-settings=\"{&quot;jet_parallax_layout_list&quot;:[]}\">\n\t\t\t\t<div class=\"elementor-element elementor-element-f50f057 elementor-widget elementor-widget-spacer\" data-id=\"f50f057\" data-element_type=\"widget\" data-e-type=\"widget\" data-widget_type=\"spacer.default\">\n\t\t\t\t<div class=\"elementor-widget-container\">\n\t\t\t\t\t\t\t<div class=\"elementor-spacer\">\n\t\t\t<div class=\"elementor-spacer-inner\"><\/div>\n\t\t<\/div>\n\t\t\t\t\t\t<\/div>\n\t\t\t\t<\/div>\n\t\t\t\t<\/div>\n\t\t\t\t<div class=\"elementor-element elementor-element-34071bb4 elementor-widget elementor-widget-heading\" data-id=\"34071bb4\" data-element_type=\"widget\" data-e-type=\"widget\" data-widget_type=\"heading.default\">\n\t\t\t\t<div class=\"elementor-widget-container\">\n\t\t\t\t\t<div class=\"elementor-heading-title elementor-size-default\">La Galleria<\/div>\t\t\t\t<\/div>\n\t\t\t\t<\/div>\n\t\t<div class=\"elementor-element elementor-element-4a877ffe e-con-full e-flex e-con e-child\" data-id=\"4a877ffe\" data-element_type=\"container\" data-e-type=\"container\" data-settings=\"{&quot;jet_parallax_layout_list&quot;:[]}\">\n\t\t<div class=\"elementor-element elementor-element-2b423d93 e-con-full e-flex e-con e-child\" data-id=\"2b423d93\" data-element_type=\"container\" data-e-type=\"container\" data-settings=\"{&quot;jet_parallax_layout_list&quot;:[]}\">\n\t\t\t\t<div class=\"elementor-element elementor-element-2628c275 elementor-widget elementor-widget-text-editor\" data-id=\"2628c275\" data-element_type=\"widget\" data-e-type=\"widget\" data-widget_type=\"text-editor.default\">\n\t\t\t\t<div class=\"elementor-widget-container\">\n\t\t\t\t\t\t\t\t\t<p>Volumnia suona grande. In realt\u00e0 \u00e8 immenso.<br \/>Volumnia \u00e8 un progetto di rinascita di un luogo storico e iconico della citt\u00e0 di Piacenza, la cui bellezza \u00e8 rimasta nascosta al pubblico per anni. Enrica De Micheli, gallerista con esperienza tra antiquariato e moderno, propone uno spazio espositivo dedicato al design storico italiano all\u2019interno di una chiesa rinascimentale sconsacrata,con radici ai piedi di maestosi colonnati che si innalzano per dozzine di metri da terra.<\/p>\t\t\t\t\t\t\t\t<\/div>\n\t\t\t\t<\/div>\n\t\t\t\t<\/div>\n\t\t<div class=\"elementor-element elementor-element-74b276d9 e-con-full e-flex e-con e-child\" data-id=\"74b276d9\" data-element_type=\"container\" data-e-type=\"container\" data-settings=\"{&quot;jet_parallax_layout_list&quot;:[]}\">\n\t\t\t\t<div class=\"elementor-element elementor-element-71493846 elementor-widget elementor-widget-spacer\" data-id=\"71493846\" data-element_type=\"widget\" data-e-type=\"widget\" data-widget_type=\"spacer.default\">\n\t\t\t\t<div class=\"elementor-widget-container\">\n\t\t\t\t\t\t\t<div class=\"elementor-spacer\">\n\t\t\t<div class=\"elementor-spacer-inner\"><\/div>\n\t\t<\/div>\n\t\t\t\t\t\t<\/div>\n\t\t\t\t<\/div>\n\t\t\t\t<\/div>\n\t\t\t\t<\/div>\n\t\t<div class=\"elementor-element elementor-element-7ebc003 e-con-full e-flex e-con e-child\" data-id=\"7ebc003\" data-element_type=\"container\" data-e-type=\"container\" data-settings=\"{&quot;jet_parallax_layout_list&quot;:[]}\">\n\t\t<div class=\"elementor-element elementor-element-e0c5b1c e-con-full e-flex e-con e-child\" data-id=\"e0c5b1c\" data-element_type=\"container\" data-e-type=\"container\" data-settings=\"{&quot;jet_parallax_layout_list&quot;:[]}\">\n\t\t\t\t<div class=\"elementor-element elementor-element-df87635 home-slider elementor-widget elementor-widget-jet-slider\" data-id=\"df87635\" data-element_type=\"widget\" data-e-type=\"widget\" data-settings=\"{&quot;slider_height&quot;:{&quot;unit&quot;:&quot;vh&quot;,&quot;size&quot;:90,&quot;sizes&quot;:[]},&quot;slider_height_tablet&quot;:{&quot;unit&quot;:&quot;vh&quot;,&quot;size&quot;:80,&quot;sizes&quot;:[]},&quot;slider_height_mobile&quot;:{&quot;unit&quot;:&quot;vh&quot;,&quot;size&quot;:60,&quot;sizes&quot;:[]}}\" data-widget_type=\"jet-slider.default\">\n\t\t\t\t<div class=\"elementor-widget-container\">\n\t\t\t\t\t<div class=\"elementor-jet-slider jet-elements\">\n<div class=\"jet-slider jet-slider__image-exact\" data-settings='{&quot;sliderWidth&quot;:1,&quot;sliderHeight&quot;:1,&quot;sliderNavigation&quot;:false,&quot;sliderNavigationIcon&quot;:&quot;jet-slider__arrow-icon-df87635&quot;,&quot;sliderNaviOnHover&quot;:false,&quot;sliderPagination&quot;:true,&quot;sliderAutoplay&quot;:true,&quot;sliderAutoplayDelay&quot;:5000,&quot;sliderAutoplayOnHover&quot;:&quot;pause&quot;,&quot;sliderFullScreen&quot;:false,&quot;sliderFullscreenIcon&quot;:&quot;jet-slider__fullscreen-icon-df87635&quot;,&quot;sliderShuffle&quot;:false,&quot;sliderLoop&quot;:true,&quot;sliderFadeMode&quot;:true,&quot;slideDistance&quot;:1,&quot;slideDuration&quot;:1000,&quot;imageScaleMode&quot;:&quot;exact&quot;,&quot;thumbnails&quot;:false,&quot;thumbnailWidth&quot;:120,&quot;thumbnailHeight&quot;:80,&quot;rightToLeft&quot;:false,&quot;touchswipe&quot;:true,&quot;fractionPag&quot;:false,&quot;fractionPrefix&quot;:&quot;&quot;,&quot;fractionSeparator&quot;:&quot;\\\/&quot;,&quot;fractionSuffix&quot;:&quot;&quot;,&quot;autoSliderHeight&quot;:false}'>\n\t\n<div  class=\"slider-pro\">\n\t<div class=\"jet-slider__arrow-icon-df87635 hidden-html\"><\/div><div class=\"jet-slider__fullscreen-icon-df87635 hidden-html\"><\/div>\t<div class=\"jet-slider__items sp-slides\">\n\n\n<div  class=\"jet-slider__item sp-slide elementor-repeater-item-342c327\"><img decoding=\"async\" class=\"sp-image\" src=\"https:\/\/volumnia.space\/wp-content\/uploads\/2023\/11\/FMS_3680-1185x1536.jpg\" alt=\"FMS_3680\" loading=\"lazy\"><div class=\"jet-slider__content sp-layer \" data-position=\"centerCenter\" data-width=\"100%\" data-height=\"100%\" data-horizontal=\"0%\" data-show-transition=\"up\" data-show-duration=\"400\" data-show-delay=\"400\" >\n\t\t<div class=\"jet-slider__content-item\">\n\t\t\t<div class=\"jet-slider__content-inner\"> \n\n\t\t\t\t\t\t<div class=\"jet-slider__button-wrapper\">\t\t\t\t\t\t<\/div><\/div>\n\t\t<\/div>\n\t\t\t<\/div>\n<\/div>\n\n<div  class=\"jet-slider__item sp-slide elementor-repeater-item-6233e90\"><img decoding=\"async\" class=\"sp-image\" src=\"https:\/\/volumnia.space\/wp-content\/uploads\/2023\/11\/FMS_3705-1024x1536.jpg\" alt=\"FMS_3705\" loading=\"lazy\"><div class=\"jet-slider__content sp-layer \" data-position=\"centerCenter\" data-width=\"100%\" data-height=\"100%\" data-horizontal=\"0%\" data-show-transition=\"up\" data-show-duration=\"400\" data-show-delay=\"400\" >\n\t\t<div class=\"jet-slider__content-item\">\n\t\t\t<div class=\"jet-slider__content-inner\"> \n\n\t\t\t\t\t\t<div class=\"jet-slider__button-wrapper\">\t\t\t\t\t\t<\/div><\/div>\n\t\t<\/div>\n\t\t\t<\/div>\n<\/div>\n\n<div  class=\"jet-slider__item sp-slide elementor-repeater-item-50ea2fc\"><img decoding=\"async\" class=\"sp-image\" src=\"https:\/\/volumnia.space\/wp-content\/uploads\/2023\/11\/FMS_3694-1017x1536.jpg\" alt=\"FMS_3694\" loading=\"lazy\"><div class=\"jet-slider__content sp-layer \" data-position=\"centerCenter\" data-width=\"100%\" data-height=\"100%\" data-horizontal=\"0%\" data-show-transition=\"up\" data-show-duration=\"400\" data-show-delay=\"400\" >\n\t\t<div class=\"jet-slider__content-item\">\n\t\t\t<div class=\"jet-slider__content-inner\"> \n\n\t\t\t\t\t\t<div class=\"jet-slider__button-wrapper\">\t\t\t\t\t\t<\/div><\/div>\n\t\t<\/div>\n\t\t\t<\/div>\n<\/div>\n\n<div  class=\"jet-slider__item sp-slide elementor-repeater-item-426d23b\"><img decoding=\"async\" class=\"sp-image\" src=\"https:\/\/volumnia.space\/wp-content\/uploads\/2023\/11\/FMS_3696-1024x1536.jpg\" alt=\"FMS_3696\" loading=\"lazy\"><div class=\"jet-slider__content sp-layer \" data-position=\"centerCenter\" data-width=\"100%\" data-height=\"100%\" data-horizontal=\"0%\" data-show-transition=\"up\" data-show-duration=\"400\" data-show-delay=\"400\" >\n\t\t<div class=\"jet-slider__content-item\">\n\t\t\t<div class=\"jet-slider__content-inner\"> \n\n\t\t\t\t\t\t<div class=\"jet-slider__button-wrapper\">\t\t\t\t\t\t<\/div><\/div>\n\t\t<\/div>\n\t\t\t<\/div>\n<\/div>\n\n<\/div>\n<\/div>\n<\/div>\n<\/div>\t\t\t\t<\/div>\n\t\t\t\t<\/div>\n\t\t\t\t<\/div>\n\t\t<div class=\"elementor-element elementor-element-145aded e-con-full e-flex e-con e-child\" data-id=\"145aded\" data-element_type=\"container\" data-e-type=\"container\" data-settings=\"{&quot;jet_parallax_layout_list&quot;:[]}\">\n\t\t\t\t<div class=\"elementor-element elementor-element-ecd886c elementor-widget elementor-widget-text-editor\" data-id=\"ecd886c\" data-element_type=\"widget\" data-e-type=\"widget\" data-widget_type=\"text-editor.default\">\n\t\t\t\t<div class=\"elementor-widget-container\">\n\t\t\t\t\t\t\t\t\t<p>Il progetto nasce nell\u2019Ottobre 2018 con l\u2019apertura della galleria e un primo capitolo di un\u2019intensa proposta culturale di mostre ed eventi, come la personale dedicata a una delle figure chiave del design Italiano Gabriella Crespi.<\/p><p>Nello spazio della ex falegnameria del Monastero \u00e8 ora presente il ristorante Sant&#8217;Agostino.\u00a0<\/p>\t\t\t\t\t\t\t\t<\/div>\n\t\t\t\t<\/div>\n\t\t\t\t<\/div>\n\t\t\t\t<\/div>\n\t\t<div class=\"elementor-element elementor-element-444def8 e-con-full e-flex e-con e-child\" data-id=\"444def8\" data-element_type=\"container\" data-e-type=\"container\" data-settings=\"{&quot;jet_parallax_layout_list&quot;:[]}\">\n\t\t<div class=\"elementor-element elementor-element-72ad6e7 e-con-full e-flex e-con e-child\" data-id=\"72ad6e7\" data-element_type=\"container\" data-e-type=\"container\" data-settings=\"{&quot;jet_parallax_layout_list&quot;:[]}\">\n\t\t\t\t<div class=\"elementor-element elementor-element-961cb04 elementor-widget elementor-widget-text-editor\" data-id=\"961cb04\" data-element_type=\"widget\" data-e-type=\"widget\" data-widget_type=\"text-editor.default\">\n\t\t\t\t<div class=\"elementor-widget-container\">\n\t\t\t\t\t\t\t\t\t<div id=\"about-details\" class=\"clearfix\"><div class=\"third-description fadeOnScroll fadeOnScrollFromBottom in-view\"><p><span style=\"color: #333333;\">Un progetto di Enrica De Micheli.<\/span><\/p><\/div><\/div>\t\t\t\t\t\t\t\t<\/div>\n\t\t\t\t<\/div>\n\t\t\t\t<div class=\"elementor-element elementor-element-e910a86 elementor-widget elementor-widget-text-editor\" data-id=\"e910a86\" data-element_type=\"widget\" data-e-type=\"widget\" data-widget_type=\"text-editor.default\">\n\t\t\t\t<div class=\"elementor-widget-container\">\n\t\t\t\t\t\t\t\t\t<div id=\"about-details\" class=\"clearfix\"><div class=\"third-description fadeOnScroll fadeOnScrollFromBottom in-view\"><p><span style=\"color: #333333;\">Progetto architettonico e conservazione Arch. Enrico De Benedetti, Arch. Simone Subitoni, Arch. Silvia Blesi.<\/span><br \/>Interventi sullo spazio di <a class=\"external\" href=\"https:\/\/www.davidegroppi.com\/\" target=\"_blank\" rel=\"noopener\">Davide Groppi<\/a>, Space Caviar e studio Vedet.<br \/>Web design di Luca Stauder.<\/p><p><span style=\"color: #333333;\">Foto Courtesy Fausto Mazza Studio e Delfino Sisto Legnani.<\/span><\/p><\/div><\/div>\t\t\t\t\t\t\t\t<\/div>\n\t\t\t\t<\/div>\n\t\t\t\t<\/div>\n\t\t<div class=\"elementor-element elementor-element-741427f e-con-full e-flex e-con e-child\" data-id=\"741427f\" data-element_type=\"container\" data-e-type=\"container\" data-settings=\"{&quot;jet_parallax_layout_list&quot;:[]}\">\n\t\t\t\t<div class=\"elementor-element elementor-element-40bfe27 elementor-widget elementor-widget-spacer\" data-id=\"40bfe27\" data-element_type=\"widget\" data-e-type=\"widget\" data-widget_type=\"spacer.default\">\n\t\t\t\t<div class=\"elementor-widget-container\">\n\t\t\t\t\t\t\t<div class=\"elementor-spacer\">\n\t\t\t<div class=\"elementor-spacer-inner\"><\/div>\n\t\t<\/div>\n\t\t\t\t\t\t<\/div>\n\t\t\t\t<\/div>\n\t\t\t\t<\/div>\n\t\t\t\t<\/div>\n\t\t\t\t<\/div>\n\t\t\t\t<\/div>\n\t\t","protected":false},"excerpt":{"rendered":"<p>La Galleria Volumnia suona grande. In realt\u00e0 \u00e8 immenso.Volumnia \u00e8 un progetto di rinascita di un luogo storico e iconico della citt\u00e0 di Piacenza, la cui bellezza \u00e8 rimasta nascosta al pubblico per anni. Enrica De Micheli, gallerista con esperienza tra antiquariato e moderno, propone uno spazio espositivo dedicato al design storico italiano all\u2019interno di [&hellip;]<\/p>\n","protected":false},"author":1,"featured_media":0,"parent":0,"menu_order":0,"comment_status":"closed","ping_status":"closed","template":"","meta":{"_acf_changed":false,"footnotes":""},"class_list":["post-20351","page","type-page","status-publish","hentry"],"acf":[],"_links":{"self":[{"href":"https:\/\/volumnia.space\/it\/wp-json\/wp\/v2\/pages\/20351","targetHints":{"allow":["GET"]}}],"collection":[{"href":"https:\/\/volumnia.space\/it\/wp-json\/wp\/v2\/pages"}],"about":[{"href":"https:\/\/volumnia.space\/it\/wp-json\/wp\/v2\/types\/page"}],"author":[{"embeddable":true,"href":"https:\/\/volumnia.space\/it\/wp-json\/wp\/v2\/users\/1"}],"replies":[{"embeddable":true,"href":"https:\/\/volumnia.space\/it\/wp-json\/wp\/v2\/comments?post=20351"}],"version-history":[{"count":3,"href":"https:\/\/volumnia.space\/it\/wp-json\/wp\/v2\/pages\/20351\/revisions"}],"predecessor-version":[{"id":32515,"href":"https:\/\/volumnia.space\/it\/wp-json\/wp\/v2\/pages\/20351\/revisions\/32515"}],"wp:attachment":[{"href":"https:\/\/volumnia.space\/it\/wp-json\/wp\/v2\/media?parent=20351"}],"curies":[{"name":"wp","href":"https:\/\/api.w.org\/{rel}","templated":true}]}}